{"id":10803,"date":"2022-12-07T11:27:22","date_gmt":"2022-12-07T11:27:22","guid":{"rendered":"https:\/\/www.hotelpraktikgarden.com\/?page_id=10803"},"modified":"2025-10-10T11:52:38","modified_gmt":"2025-10-10T11:52:38","slug":"politica-de-cookies","status":"publish","type":"page","link":"https:\/\/www.hotelpraktikgarden.com\/es\/politica-de-cookies\/","title":{"rendered":"Pol\u00edtica de cookies"},"content":{"rendered":"<p><span style=\"font-weight: 400;\">En cumplimiento con el deber de informaci\u00f3n recogido en el apartado 2\u00ba del art\u00edculo 22 de la <\/span><b>Ley 34\/2002<\/b><span style=\"font-weight: 400;\">, de 11 de julio, de <\/span><b>Servicios de la Sociedad de la Informaci\u00f3n y del Comercio Electr\u00f3nico<\/b><span style=\"font-weight: 400;\">, la presente pol\u00edtica de cookies tiene por finalidad informarle de manera clara y precisa sobre las cookies que se utilizan en las p\u00e1ginas webs de <\/span><b>BUDGET HOTELS S.L.<\/b><\/p>\n<h5><b>\u00bfQu\u00e9 son las cookies?<\/b><\/h5>\n<p><span style=\"font-weight: 400;\">Una cookie es un fichero de peque\u00f1o tama\u00f1o que los sitios web env\u00edan al navegador y se descargan en su ordenador.<\/span><span style=\"font-weight: 400;\"><\/span><span style=\"font-weight: 400;\">Las cookies permiten que la p\u00e1gina web almacene y recupere la informaci\u00f3n sobre su visita, como su idioma preferido y otras opciones, con el fin de mejorar los servicios que se ofrecen y contribuir a una mejor experiencia de navegaci\u00f3n para el usuario.<\/span><\/p>\n<h5><b>Tipos de cookies<\/b><\/h5>\n<p><span style=\"font-weight: 400;\">En funci\u00f3n de qui\u00e9n gestione el dominio desde donde se env\u00edan las cookies y se traten los datos, se distinguir\u00e1 entre <\/span><b>cookies propias<\/b><span style=\"font-weight: 400;\"> y <\/span><b>cookies de terceros<\/b><span style=\"font-weight: 400;\">.<\/span><span style=\"font-weight: 400;\"><\/span><span style=\"font-weight: 400;\">Las cookies tambi\u00e9n pueden clasificarse seg\u00fan el <\/span><b>plazo de tiempo<\/b><span style=\"font-weight: 400;\"> que permanezcan almacenadas en el navegador del usuario, distingui\u00e9ndose entre <\/span><b>cookies de sesi\u00f3n<\/b><span style=\"font-weight: 400;\"> o <\/span><b>cookies persistentes<\/b><span style=\"font-weight: 400;\">.<\/span><span style=\"font-weight: 400;\"><\/span><span style=\"font-weight: 400;\">Finalmente, en funci\u00f3n de la finalidad para la que se trate la informaci\u00f3n recopilada, las cookies se pueden clasificar en las siguientes categor\u00edas:<\/span><\/p>\n<ul>\n<li style=\"font-weight: 400;\" aria-level=\"1\"><b>Cookies t\u00e9cnicas:<\/b><span style=\"font-weight: 400;\"> permiten al usuario navegar por un sitio web y utilizar algunos de los servicios ofrecidos (por ejemplo, recordar los elementos de un carrito de compra).<\/span><span style=\"font-weight: 400;\"><\/span><\/li>\n<li style=\"font-weight: 400;\" aria-level=\"1\"><b>Cookies de personalizaci\u00f3n:<\/b><span style=\"font-weight: 400;\"> permiten acceder al sitio web con unas caracter\u00edsticas determinadas, como el idioma.<\/span><span style=\"font-weight: 400;\"><\/span><\/li>\n<li style=\"font-weight: 400;\" aria-level=\"1\"><b>Cookies de seguridad:<\/b><span style=\"font-weight: 400;\"> sirven para impedir o dificultar ataques contra el sitio web.<\/span><span style=\"font-weight: 400;\"><\/span><\/li>\n<li style=\"font-weight: 400;\" aria-level=\"1\"><b>Cookies de complemento para intercambiar contenidos sociales (plug-in):<\/b><span style=\"font-weight: 400;\"> permiten compartir contenidos en redes sociales.<\/span><span style=\"font-weight: 400;\"><\/span><\/li>\n<li style=\"font-weight: 400;\" aria-level=\"1\"><b>Cookies de an\u00e1lisis:<\/b><span style=\"font-weight: 400;\"> permiten el seguimiento del comportamiento del usuario.<\/span><span style=\"font-weight: 400;\"><\/span><\/li>\n<li style=\"font-weight: 400;\" aria-level=\"1\"><b>Cookies publicitarias:<\/b><span style=\"font-weight: 400;\"> gestionan los espacios de publicidad del sitio web.<\/span><span style=\"font-weight: 400;\"><\/span><\/li>\n<li style=\"font-weight: 400;\" aria-level=\"1\"><b>Cookies de publicidad comportamental:<\/b><span style=\"font-weight: 400;\"> gestionan la publicidad en funci\u00f3n de los h\u00e1bitos y comportamiento del usuario, adaptando los anuncios a su perfil.<\/span><span style=\"font-weight: 400;\"><\/span><\/li>\n<li style=\"font-weight: 400;\" aria-level=\"1\"><b>Cookies de geolocalizaci\u00f3n:<\/b><span style=\"font-weight: 400;\"> se utilizan para averiguar el pa\u00eds donde se encuentra el usuario.<\/span><\/li>\n<\/ul>\n<h5><b>Autorizaci\u00f3n para el uso de cookies<\/b><\/h5>\n<p><span style=\"font-weight: 400;\">De conformidad con el aviso de cookies que aparece en el sitio web, el usuario puede consentir expresamente el uso de cookies que requieran consentimiento; sin embargo, el uso de <\/span><b>cookies t\u00e9cnicas o necesarias<\/b><span style=\"font-weight: 400;\"> no requiere consentimiento.<\/span><\/p>\n<p><span style=\"font-weight: 400;\">El usuario puede modificar la configuraci\u00f3n de su navegador para rechazar el uso de cookies en cualquier momento.<\/span><\/p>\n<h5><b>C\u00f3mo modificar la configuraci\u00f3n de las cookies<\/b><\/h5>\n<p><span style=\"font-weight: 400;\">Usted puede <\/span><b>restringir, bloquear o borrar<\/b><span style=\"font-weight: 400;\"> las cookies de PRAKTIK HOTELS o de cualquier otra p\u00e1gina web utilizando su navegador.<\/span><span style=\"font-weight: 400;\"><\/span><span style=\"font-weight: 400;\"> En cada navegador el procedimiento es diferente; puede consultarlo en el men\u00fa de ayuda:<\/span><\/p>\n<ul>\n<li style=\"font-weight: 400;\" aria-level=\"1\"><b>Google Chrome:<\/b><a href=\"https:\/\/support.google.com\/chrome\/answer\/95647?co=GENIE.Platform%3DDesktop&amp;hl=es\"> <span style=\"font-weight: 400;\">https:\/\/support.google.com\/chrome\/answer\/95647?co=GENIE.Platform%3DDesktop&amp;hl=es<\/span><\/a><\/li>\n<li style=\"font-weight: 400;\" aria-level=\"1\"><b>Mozilla Firefox:<\/b><a href=\"https:\/\/support.mozilla.org\/es\/kb\/habilitar-y-deshabilitar-cookies-sitios-web-rastrear-preferencias\"> <span style=\"font-weight: 400;\">https:\/\/support.mozilla.org\/es\/kb\/habilitar-y-deshabilitar-cookies-sitios-web-rastrear-preferencias<\/span><\/a><\/li>\n<li style=\"font-weight: 400;\" aria-level=\"1\"><b>Safari:<\/b><a href=\"https:\/\/support.apple.com\/es-es\/guide\/safari\/sfri11471\/mac\"> <span style=\"font-weight: 400;\">https:\/\/support.apple.com\/es-es\/guide\/safari\/sfri11471\/mac<\/span><\/a><\/li>\n<li style=\"font-weight: 400;\" aria-level=\"1\"><b>Internet Explorer:<\/b><a href=\"https:\/\/support.microsoft.com\/es-es\/help\/278835\/how-to-delete-cookie-files-in-internet-explorer\"> <span style=\"font-weight: 400;\">https:\/\/support.microsoft.com\/es-es\/help\/278835\/how-to-delete-cookie-files-in-internet-explorer<\/span><\/a><\/li>\n<\/ul>\n<p><span style=\"font-weight: 400;\">Es posible que al deshabilitar las cookies la p\u00e1gina web no funcione correctamente o no pueda acceder a determinadas funciones de la misma.<\/span><\/p>\n<h5><b>Cookies utilizadas en la web<\/b><\/h5>\n<p><span style=\"font-weight: 400;\">En el portal web se utilizan diferentes tipos de cookies con distintas finalidades.<\/span><\/p>\n<p><span style=\"font-weight: 400;\">A continuaci\u00f3n se enumeran las cookies empleadas:<\/span><\/p>\n<script type=\"text\/javascript\" charset=\"UTF-8\"  data-cookiescriptreport=\"report\" src=\"\/\/report.cookie-script.com\/r\/e4e6e91d6e974f842cd1524f50296149.js\"><\/script>\n<h5><b>Modificaci\u00f3n de las condiciones<\/b><\/h5>\n<p><b>BUDGET HOTELS S.L.<\/b><span style=\"font-weight: 400;\"> se reserva expresamente el derecho a modificar unilateralmente, total o parcialmente y sin previo aviso, la presente <\/span><b>Pol\u00edtica de Cookies<\/b><span style=\"font-weight: 400;\">.<\/span><span style=\"font-weight: 400;\"><\/span><span style=\"font-weight: 400;\">El usuario reconoce y acepta que es su responsabilidad revisar peri\u00f3dicamente esta pol\u00edtica.<\/span><\/p>\n","protected":false},"excerpt":{"rendered":"<p>En cumplimiento con el deber de informaci\u00f3n recogido en el apartado 2\u00ba del art\u00edculo 22 de la Ley 34\/2002, de 11 de julio, de Servicios de la Sociedad de la Informaci\u00f3n y del Comercio Electr\u00f3nico, la presente pol\u00edtica de cookies tiene por finalidad informarle de manera clara y precisa sobre las cookies que se utilizan [&hellip;]<\/p>\n","protected":false},"author":1,"featured_media":0,"parent":0,"menu_order":0,"comment_status":"closed","ping_status":"closed","template":"","meta":{"inline_featured_image":false,"footnotes":""},"class_list":["post-10803","page","type-page","status-publish","hentry","post-wrapper","thrv_wrapper"],"yoast_head":"<!-- This site is optimized with the Yoast SEO plugin v23.2 - https:\/\/yoast.com\/wordpress\/plugins\/seo\/ -->\n<title>Hotel Praktik Garden - Nuestra pol\u00edtica de cookies<\/title>\n<meta name=\"description\" content=\"Sin su consentimiento PRAKTIK HOTELS no enlazar\u00e1 en las cookies sus datos personales proporcionados en el momento del registro o la compra.\" \/>\n<meta name=\"robots\" content=\"index, follow, max-snippet:-1, max-image-preview:large, max-video-preview:-1\" \/>\n<link rel=\"canonical\" href=\"https:\/\/www.hotelpraktikgarden.com\/es\/politica-de-cookies\/\" \/>\n<meta property=\"og:locale\" content=\"es_ES\" \/>\n<meta property=\"og:type\" content=\"article\" \/>\n<meta property=\"og:title\" content=\"Hotel Praktik Garden - Nuestra pol\u00edtica de cookies\" \/>\n<meta property=\"og:description\" content=\"Sin su consentimiento PRAKTIK HOTELS no enlazar\u00e1 en las cookies sus datos personales proporcionados en el momento del registro o la compra.\" \/>\n<meta property=\"og:url\" content=\"https:\/\/www.hotelpraktikgarden.com\/es\/politica-de-cookies\/\" \/>\n<meta property=\"og:site_name\" content=\"Hotel Praktik Garden\" \/>\n<meta property=\"article:publisher\" content=\"https:\/\/www.facebook.com\/praktikhotels\/\" \/>\n<meta property=\"article:modified_time\" content=\"2025-10-10T11:52:38+00:00\" \/>\n<meta name=\"twitter:card\" content=\"summary_large_image\" \/>\n<meta name=\"twitter:title\" content=\"Hotel Praktik Garden - Nuestra pol\u00edtica de cookies\" \/>\n<meta name=\"twitter:description\" content=\"Sin su consentimiento PRAKTIK HOTELS no enlazar\u00e1 en las cookies sus datos personales proporcionados en el momento del registro o la compra.\" \/>\n<meta name=\"twitter:site\" content=\"@praktikhotels\" \/>\n<meta name=\"twitter:label1\" content=\"Tiempo de lectura\" \/>\n\t<meta name=\"twitter:data1\" content=\"4 minutos\" \/>\n<script type=\"application\/ld+json\" class=\"yoast-schema-graph\">{\"@context\":\"https:\/\/schema.org\",\"@graph\":[{\"@type\":\"Article\",\"@id\":\"https:\/\/www.hotelpraktikgarden.com\/es\/politica-de-cookies\/#article\",\"isPartOf\":{\"@id\":\"https:\/\/www.hotelpraktikgarden.com\/es\/politica-de-cookies\/\"},\"author\":{\"name\":\"praktkmaster\",\"@id\":\"\/#\/schema\/person\/4015c3b656759440a8291536b481326d\"},\"headline\":\"Pol\u00edtica de cookies\",\"datePublished\":\"2022-12-07T11:27:22+00:00\",\"dateModified\":\"2025-10-10T11:52:38+00:00\",\"mainEntityOfPage\":{\"@id\":\"https:\/\/www.hotelpraktikgarden.com\/es\/politica-de-cookies\/\"},\"wordCount\":614,\"publisher\":{\"@id\":\"\/#organization\"},\"inLanguage\":\"es\"},{\"@type\":\"WebPage\",\"@id\":\"https:\/\/www.hotelpraktikgarden.com\/es\/politica-de-cookies\/\",\"url\":\"https:\/\/www.hotelpraktikgarden.com\/es\/politica-de-cookies\/\",\"name\":\"Hotel Praktik Garden - Nuestra pol\u00edtica de cookies\",\"isPartOf\":{\"@id\":\"\/#website\"},\"datePublished\":\"2022-12-07T11:27:22+00:00\",\"dateModified\":\"2025-10-10T11:52:38+00:00\",\"description\":\"Sin su consentimiento PRAKTIK HOTELS no enlazar\u00e1 en las cookies sus datos personales proporcionados en el momento del registro o la compra.\",\"breadcrumb\":{\"@id\":\"https:\/\/www.hotelpraktikgarden.com\/es\/politica-de-cookies\/#breadcrumb\"},\"inLanguage\":\"es\",\"potentialAction\":[{\"@type\":\"ReadAction\",\"target\":[\"https:\/\/www.hotelpraktikgarden.com\/es\/politica-de-cookies\/\"]}]},{\"@type\":\"BreadcrumbList\",\"@id\":\"https:\/\/www.hotelpraktikgarden.com\/es\/politica-de-cookies\/#breadcrumb\",\"itemListElement\":[{\"@type\":\"ListItem\",\"position\":1,\"name\":\"Portada\",\"item\":\"https:\/\/www.hotelpraktikgarden.com\/es\/\"},{\"@type\":\"ListItem\",\"position\":2,\"name\":\"Pol\u00edtica de cookies\"}]},{\"@type\":\"WebSite\",\"@id\":\"\/#website\",\"url\":\"\/\",\"name\":\"Hotel Praktik Garden\",\"description\":\"Un oasis para desconectar\",\"publisher\":{\"@id\":\"\/#organization\"},\"potentialAction\":[{\"@type\":\"SearchAction\",\"target\":{\"@type\":\"EntryPoint\",\"urlTemplate\":\"\/?s={search_term_string}\"},\"query-input\":\"required name=search_term_string\"}],\"inLanguage\":\"es\"},{\"@type\":\"Organization\",\"@id\":\"\/#organization\",\"name\":\"Hotel Praktik Garden\",\"url\":\"\/\",\"logo\":{\"@type\":\"ImageObject\",\"inLanguage\":\"es\",\"@id\":\"\/#\/schema\/logo\/image\/\",\"url\":\"https:\/\/www.hotelpraktikgarden.com\/wp-content\/uploads\/sites\/21\/2022\/11\/praktik-vinoteca-habitacion01.jpg\",\"contentUrl\":\"https:\/\/www.hotelpraktikgarden.com\/wp-content\/uploads\/sites\/21\/2022\/11\/praktik-vinoteca-habitacion01.jpg\",\"width\":960,\"height\":635,\"caption\":\"Hotel Praktik Garden\"},\"image\":{\"@id\":\"\/#\/schema\/logo\/image\/\"},\"sameAs\":[\"https:\/\/www.facebook.com\/praktikhotels\/\",\"https:\/\/x.com\/praktikhotels\",\"https:\/\/www.instagram.com\/praktikhotels\/\"]},{\"@type\":\"Person\",\"@id\":\"\/#\/schema\/person\/4015c3b656759440a8291536b481326d\",\"name\":\"praktkmaster\",\"image\":{\"@type\":\"ImageObject\",\"inLanguage\":\"es\",\"@id\":\"\/#\/schema\/person\/image\/\",\"url\":\"https:\/\/secure.gravatar.com\/avatar\/29d735a18eaffe4d58415575700d4e8f?s=96&d=mm&r=g\",\"contentUrl\":\"https:\/\/secure.gravatar.com\/avatar\/29d735a18eaffe4d58415575700d4e8f?s=96&d=mm&r=g\",\"caption\":\"praktkmaster\"},\"sameAs\":[\"http:\/\/praktikdev.rkinnova.com\"]}]}<\/script>\n<!-- \/ Yoast SEO plugin. -->","yoast_head_json":{"title":"Hotel Praktik Garden - Nuestra pol\u00edtica de cookies","description":"Sin su consentimiento PRAKTIK HOTELS no enlazar\u00e1 en las cookies sus datos personales proporcionados en el momento del registro o la compra.","robots":{"index":"index","follow":"follow","max-snippet":"max-snippet:-1","max-image-preview":"max-image-preview:large","max-video-preview":"max-video-preview:-1"},"canonical":"https:\/\/www.hotelpraktikgarden.com\/es\/politica-de-cookies\/","og_locale":"es_ES","og_type":"article","og_title":"Hotel Praktik Garden - Nuestra pol\u00edtica de cookies","og_description":"Sin su consentimiento PRAKTIK HOTELS no enlazar\u00e1 en las cookies sus datos personales proporcionados en el momento del registro o la compra.","og_url":"https:\/\/www.hotelpraktikgarden.com\/es\/politica-de-cookies\/","og_site_name":"Hotel Praktik Garden","article_publisher":"https:\/\/www.facebook.com\/praktikhotels\/","article_modified_time":"2025-10-10T11:52:38+00:00","twitter_card":"summary_large_image","twitter_title":"Hotel Praktik Garden - Nuestra pol\u00edtica de cookies","twitter_description":"Sin su consentimiento PRAKTIK HOTELS no enlazar\u00e1 en las cookies sus datos personales proporcionados en el momento del registro o la compra.","twitter_site":"@praktikhotels","twitter_misc":{"Tiempo de lectura":"4 minutos"},"schema":{"@context":"https:\/\/schema.org","@graph":[{"@type":"Article","@id":"https:\/\/www.hotelpraktikgarden.com\/es\/politica-de-cookies\/#article","isPartOf":{"@id":"https:\/\/www.hotelpraktikgarden.com\/es\/politica-de-cookies\/"},"author":{"name":"praktkmaster","@id":"\/#\/schema\/person\/4015c3b656759440a8291536b481326d"},"headline":"Pol\u00edtica de cookies","datePublished":"2022-12-07T11:27:22+00:00","dateModified":"2025-10-10T11:52:38+00:00","mainEntityOfPage":{"@id":"https:\/\/www.hotelpraktikgarden.com\/es\/politica-de-cookies\/"},"wordCount":614,"publisher":{"@id":"\/#organization"},"inLanguage":"es"},{"@type":"WebPage","@id":"https:\/\/www.hotelpraktikgarden.com\/es\/politica-de-cookies\/","url":"https:\/\/www.hotelpraktikgarden.com\/es\/politica-de-cookies\/","name":"Hotel Praktik Garden - Nuestra pol\u00edtica de cookies","isPartOf":{"@id":"\/#website"},"datePublished":"2022-12-07T11:27:22+00:00","dateModified":"2025-10-10T11:52:38+00:00","description":"Sin su consentimiento PRAKTIK HOTELS no enlazar\u00e1 en las cookies sus datos personales proporcionados en el momento del registro o la compra.","breadcrumb":{"@id":"https:\/\/www.hotelpraktikgarden.com\/es\/politica-de-cookies\/#breadcrumb"},"inLanguage":"es","potentialAction":[{"@type":"ReadAction","target":["https:\/\/www.hotelpraktikgarden.com\/es\/politica-de-cookies\/"]}]},{"@type":"BreadcrumbList","@id":"https:\/\/www.hotelpraktikgarden.com\/es\/politica-de-cookies\/#breadcrumb","itemListElement":[{"@type":"ListItem","position":1,"name":"Portada","item":"https:\/\/www.hotelpraktikgarden.com\/es\/"},{"@type":"ListItem","position":2,"name":"Pol\u00edtica de cookies"}]},{"@type":"WebSite","@id":"\/#website","url":"\/","name":"Hotel Praktik Garden","description":"Un oasis para desconectar","publisher":{"@id":"\/#organization"},"potentialAction":[{"@type":"SearchAction","target":{"@type":"EntryPoint","urlTemplate":"\/?s={search_term_string}"},"query-input":"required name=search_term_string"}],"inLanguage":"es"},{"@type":"Organization","@id":"\/#organization","name":"Hotel Praktik Garden","url":"\/","logo":{"@type":"ImageObject","inLanguage":"es","@id":"\/#\/schema\/logo\/image\/","url":"https:\/\/www.hotelpraktikgarden.com\/wp-content\/uploads\/sites\/21\/2022\/11\/praktik-vinoteca-habitacion01.jpg","contentUrl":"https:\/\/www.hotelpraktikgarden.com\/wp-content\/uploads\/sites\/21\/2022\/11\/praktik-vinoteca-habitacion01.jpg","width":960,"height":635,"caption":"Hotel Praktik Garden"},"image":{"@id":"\/#\/schema\/logo\/image\/"},"sameAs":["https:\/\/www.facebook.com\/praktikhotels\/","https:\/\/x.com\/praktikhotels","https:\/\/www.instagram.com\/praktikhotels\/"]},{"@type":"Person","@id":"\/#\/schema\/person\/4015c3b656759440a8291536b481326d","name":"praktkmaster","image":{"@type":"ImageObject","inLanguage":"es","@id":"\/#\/schema\/person\/image\/","url":"https:\/\/secure.gravatar.com\/avatar\/29d735a18eaffe4d58415575700d4e8f?s=96&d=mm&r=g","contentUrl":"https:\/\/secure.gravatar.com\/avatar\/29d735a18eaffe4d58415575700d4e8f?s=96&d=mm&r=g","caption":"praktkmaster"},"sameAs":["http:\/\/praktikdev.rkinnova.com"]}]}},"_links":{"self":[{"href":"https:\/\/www.hotelpraktikgarden.com\/es\/wp-json\/wp\/v2\/pages\/10803"}],"collection":[{"href":"https:\/\/www.hotelpraktikgarden.com\/es\/wp-json\/wp\/v2\/pages"}],"about":[{"href":"https:\/\/www.hotelpraktikgarden.com\/es\/wp-json\/wp\/v2\/types\/page"}],"author":[{"embeddable":true,"href":"https:\/\/www.hotelpraktikgarden.com\/es\/wp-json\/wp\/v2\/users\/1"}],"replies":[{"embeddable":true,"href":"https:\/\/www.hotelpraktikgarden.com\/es\/wp-json\/wp\/v2\/comments?post=10803"}],"version-history":[{"count":4,"href":"https:\/\/www.hotelpraktikgarden.com\/es\/wp-json\/wp\/v2\/pages\/10803\/revisions"}],"predecessor-version":[{"id":13745,"href":"https:\/\/www.hotelpraktikgarden.com\/es\/wp-json\/wp\/v2\/pages\/10803\/revisions\/13745"}],"wp:attachment":[{"href":"https:\/\/www.hotelpraktikgarden.com\/es\/wp-json\/wp\/v2\/media?parent=10803"}],"curies":[{"name":"wp","href":"https:\/\/api.w.org\/{rel}","templated":true}]}}