{"id":7692,"date":"2022-11-07T09:19:07","date_gmt":"2022-11-07T09:19:07","guid":{"rendered":"https:\/\/www.hotelpraktikgarden.com\/?page_id=7692"},"modified":"2024-09-27T07:56:25","modified_gmt":"2024-09-27T07:56:25","slug":"service","status":"publish","type":"page","link":"https:\/\/www.hotelpraktikgarden.com\/de\/hotel-barcelona\/service\/","title":{"rendered":"Service"},"content":{"rendered":"<h1 style=\"text-align: center\">Unsere Leistungen<\/h1>\n<p style=\"text-align: center\">Wenn etwas den Praktik Garden auszeichnet, dann ist es die \u00fcppige Bepflanzung am Eingang, an der Rezeption und nat\u00fcrlich auf seiner wundersch\u00f6nen Au\u00dfenterrasse. Darin k\u00f6nnen Sie lesen, sich nach einem typischen Tag in Barcelona entspannen oder sich auf den Liegest\u00fchlen sonnen. Schalten Sie bei uns von Ihrem Alltag ab!<\/p>\n<p><span><img decoding=\"async\" alt=\"wifi icono\" data-id=\"3668\" width=\"48\" data-init-width=\"48\" height=\"36\" data-init-height=\"36\" title=\"wifi-icono\" src=\"https:\/\/www.hotelpraktikgarden.com\/wp-content\/uploads\/sites\/21\/2022\/11\/wifi-icono.png\" data-width=\"48\" data-height=\"36\" style=\"aspect-ratio: auto 48 \/ 36\" loading=\"lazy\"><\/span><\/p>\n<p style=\"text-align: center\">Gratis WLAN<\/p>\n<p><span><img decoding=\"async\" alt=\"icono conserjeria\" data-id=\"3660\" width=\"48\" data-init-width=\"54\" height=\"39\" data-init-height=\"44\" title=\"conserjeria-icono\" src=\"https:\/\/www.hotelpraktikgarden.com\/wp-content\/uploads\/sites\/21\/2022\/11\/conserjeria-icono.png\" data-width=\"48\" data-height=\"39\" loading=\"lazy\" style=\"aspect-ratio: auto 54 \/ 44\"><\/span><\/p>\n<p style=\"text-align: center\">&nbsp;24-Stunden-Concierge-Service<\/p>\n<p><span><img decoding=\"async\" alt=\"icono m\u00e1quina de caf\u00e9\" data-id=\"3659\" width=\"40\" data-init-width=\"40\" height=\"45\" data-init-height=\"45\" title=\"cafe-icono\" src=\"https:\/\/www.hotelpraktikgarden.com\/wp-content\/uploads\/sites\/21\/2022\/11\/cafe-icono.png\" data-width=\"40\" data-height=\"45\" style=\"aspect-ratio: auto 40 \/ 45\" loading=\"lazy\"><\/span><\/p>\n<p style=\"text-align: center\">&nbsp;Kaffeemaschine<\/p>\n<p><span><img decoding=\"async\" alt=\"restaurante icono\" data-id=\"3664\" width=\"55\" data-init-width=\"55\" height=\"49\" data-init-height=\"49\" title=\"restaurante-icono\" src=\"https:\/\/www.hotelpraktikgarden.com\/wp-content\/uploads\/sites\/21\/2022\/11\/restaurante-icono.png\" data-width=\"55\" data-height=\"49\" style=\"aspect-ratio: auto 55 \/ 49\" loading=\"lazy\"><\/span><\/p>\n<p style=\"text-align: center\">&nbsp;Restaurantreservierung<\/p>\n<p><span><img decoding=\"async\" alt=\"desayuno\" data-id=\"8944\" width=\"70\" data-init-width=\"150\" height=\"64\" data-init-height=\"137\" title=\"desayuno\" src=\"https:\/\/www.hotelpraktikgarden.com\/wp-content\/uploads\/sites\/21\/2022\/11\/desayuno.png\" data-width=\"70\" data-height=\"64\" style=\"aspect-ratio: auto 150 \/ 137\" loading=\"lazy\"><\/span><\/p>\n<p style=\"text-align: center\">Kostenloser Kaffee und Geb\u00e4ck<\/p>\n<p><span><img decoding=\"async\" alt=\"icono lavander\u00eda\" data-id=\"3662\" width=\"39\" data-init-width=\"39\" height=\"46\" data-init-height=\"46\" title=\"lavanderia-icono\" src=\"https:\/\/www.hotelpraktikgarden.com\/wp-content\/uploads\/sites\/21\/2022\/11\/lavanderia-icono.png\" data-width=\"39\" data-height=\"46\" style=\"aspect-ratio: auto 39 \/ 46\" loading=\"lazy\"><\/span><\/p>\n<p style=\"text-align: center\">&nbsp;W\u00e4scherei-Service<\/p>\n<p><span><img decoding=\"async\" alt=\"toallas icono\" data-id=\"3667\" width=\"32\" data-init-width=\"32\" height=\"46\" data-init-height=\"46\" title=\"toallas-icono\" src=\"https:\/\/www.hotelpraktikgarden.com\/wp-content\/uploads\/sites\/21\/2022\/11\/toallas-icono.png\" data-width=\"32\" data-height=\"46\" style=\"aspect-ratio: auto 32 \/ 46\" loading=\"lazy\"><\/span><\/p>\n<p style=\"text-align: center\">&nbsp;Strandt\u00fccher<\/p>\n<p><span><img decoding=\"async\" alt=\"Amenities anti alerg\u00e9nicos\" data-id=\"4508\" width=\"32\" data-init-width=\"50\" height=\"44\" data-init-height=\"69\" title=\"amenities-icon\" src=\"https:\/\/www.hotelpraktikgarden.com\/wp-content\/uploads\/sites\/21\/2022\/11\/amenities-icon.png\" data-width=\"32\" data-height=\"44\" style=\"aspect-ratio: auto 50 \/ 69\" loading=\"lazy\"><\/span><\/p>\n<p style=\"text-align: center\">&nbsp;Antiallergene Ausstattung<\/p>\n<p><span><img decoding=\"async\" alt=\"icono parking\" data-id=\"3663\" width=\"48\" data-init-width=\"48\" height=\"48\" data-init-height=\"48\" title=\"parking-icono\" src=\"https:\/\/www.hotelpraktikgarden.com\/wp-content\/uploads\/sites\/21\/2022\/11\/parking-icono.png\" data-width=\"48\" data-height=\"48\" style=\"aspect-ratio: auto 48 \/ 48\" loading=\"lazy\"><\/span><\/p>\n<p style=\"text-align: center\">&nbsp; \u00d6ffentlicher Parkplatz 50 Meter vom Hotel entfernt<\/p>\n<p><span><img decoding=\"async\" alt=\"accesibilidad\" data-id=\"4510\" width=\"51\" data-init-width=\"50\" height=\"51\" data-init-height=\"50\" title=\"accesibilidad-icon\" src=\"https:\/\/www.hotelpraktikgarden.com\/wp-content\/uploads\/sites\/21\/2022\/11\/accesibilidad-icon.png\" data-width=\"51\" data-height=\"51\" style=\"aspect-ratio: auto 50 \/ 50\" loading=\"lazy\"><\/span><\/p>\n<p style=\"text-align: center\">&nbsp;Zug\u00e4nglichkeit f\u00fcr Personen mit eingeschr\u00e4nkter Mobilit\u00e4t<\/p>\n<p><span><img decoding=\"async\" alt=\"taxi aeropuerto icono\" data-id=\"3665\" width=\"64\" data-init-width=\"64\" height=\"46\" data-init-height=\"46\" title=\"taxisaeropuerto-icono\" src=\"https:\/\/www.hotelpraktikgarden.com\/wp-content\/uploads\/sites\/21\/2022\/11\/taxisaeropuerto-icono.png\" data-width=\"64\" data-height=\"46\" style=\"aspect-ratio: auto 64 \/ 46\" loading=\"lazy\"><\/span><\/p>\n<p style=\"text-align: center\">&nbsp;Transfer zum Flughafen<\/p>\n<p><span><img decoding=\"async\" alt=\"icono b\u00e1scula para equipaje\" data-id=\"3657\" width=\"74\" data-init-width=\"45\" height=\"74\" data-init-height=\"45\" title=\"bascula-icono\" src=\"https:\/\/www.hotelpraktikgarden.com\/wp-content\/uploads\/sites\/21\/2022\/11\/bascula-icono.png\" data-width=\"74\" data-height=\"74\" loading=\"lazy\" style=\"aspect-ratio: auto 45 \/ 45\"><\/span><\/p>\n<p style=\"text-align: center\">Kofferwaage<\/p>\n<p style=\"text-align: center\">We are Barcelona<\/p>\n<p style=\"text-align: center\">We are Barcelona<\/p>\n<p>We are Barcelona<\/p>\n","protected":false},"excerpt":{"rendered":"<p>Unsere Leistungen Wenn etwas den Praktik Garden auszeichnet, dann ist es die \u00fcppige Bepflanzung am Eingang, an der Rezeption und nat\u00fcrlich auf seiner wundersch\u00f6nen Au\u00dfenterrasse. Darin k\u00f6nnen Sie lesen, sich nach einem typischen Tag in Barcelona entspannen oder sich auf den Liegest\u00fchlen sonnen. Schalten Sie bei uns von Ihrem Alltag ab! Gratis WLAN &nbsp;24-Stunden-Concierge-Service &nbsp;Kaffeemaschine [&hellip;]<\/p>\n","protected":false},"author":1,"featured_media":11707,"parent":7570,"menu_order":0,"comment_status":"closed","ping_status":"closed","template":"","meta":{"inline_featured_image":false,"footnotes":""},"class_list":["post-7692","page","type-page","status-publish","has-post-thumbnail","hentry","post-wrapper","thrv_wrapper"],"yoast_head":"<!-- This site is optimized with the Yoast SEO plugin v23.2 - https:\/\/yoast.com\/wordpress\/plugins\/seo\/ -->\n<title>Dienstleistungen - Hotel Praktik Garden<\/title>\n<meta name=\"description\" content=\"Finde im Hotel Praktik Garden alle Dienstleistungen, die du f\u00fcr einen Aufenthalt in der Stadt genau nach deinen W\u00fcnschen ben\u00f6tigst. Buche jetzt!\" \/>\n<meta name=\"robots\" content=\"index, follow, max-snippet:-1, max-image-preview:large, max-video-preview:-1\" \/>\n<link rel=\"canonical\" href=\"https:\/\/www.hotelpraktikgarden.com\/de\/hotel-barcelona\/service\/\" \/>\n<meta property=\"og:locale\" content=\"de_DE\" \/>\n<meta property=\"og:type\" content=\"article\" \/>\n<meta property=\"og:title\" content=\"Dienstleistungen - Hotel Praktik Garden\" \/>\n<meta property=\"og:description\" content=\"Finde im Hotel Praktik Garden alle Dienstleistungen, die du f\u00fcr einen Aufenthalt in der Stadt genau nach deinen W\u00fcnschen ben\u00f6tigst. Buche jetzt!\" \/>\n<meta property=\"og:url\" content=\"https:\/\/www.hotelpraktikgarden.com\/de\/hotel-barcelona\/service\/\" \/>\n<meta property=\"og:site_name\" content=\"Hotel Praktik Garden\" \/>\n<meta property=\"article:publisher\" content=\"https:\/\/www.facebook.com\/praktikhotels\/\" \/>\n<meta property=\"article:modified_time\" content=\"2024-09-27T07:56:25+00:00\" \/>\n<meta property=\"og:image\" content=\"https:\/\/www.hotelpraktikgarden.com\/wp-content\/uploads\/sites\/21\/HOTEL-PRAKTIK-GARDEN-BARCELONA-TERRAZA-5-1.jpg\" \/>\n\t<meta property=\"og:image:width\" content=\"540\" \/>\n\t<meta property=\"og:image:height\" content=\"540\" \/>\n\t<meta property=\"og:image:type\" content=\"image\/jpeg\" \/>\n<meta name=\"twitter:card\" content=\"summary_large_image\" \/>\n<meta name=\"twitter:title\" content=\"Dienstleistungen - Hotel Praktik Garden\" \/>\n<meta name=\"twitter:description\" content=\"Finde im Hotel Praktik Garden alle Dienstleistungen, die du f\u00fcr einen Aufenthalt in der Stadt genau nach deinen W\u00fcnschen ben\u00f6tigst. Buche jetzt!\" \/>\n<meta name=\"twitter:site\" content=\"@praktikhotels\" \/>\n<meta name=\"twitter:label1\" content=\"Gesch\u00e4tzte Lesezeit\" \/>\n\t<meta name=\"twitter:data1\" content=\"4\u00a0Minuten\" \/>\n<script type=\"application\/ld+json\" class=\"yoast-schema-graph\">{\"@context\":\"https:\/\/schema.org\",\"@graph\":[{\"@type\":\"Article\",\"@id\":\"https:\/\/www.hotelpraktikgarden.com\/de\/hotel-barcelona\/service\/#article\",\"isPartOf\":{\"@id\":\"https:\/\/www.hotelpraktikgarden.com\/de\/hotel-barcelona\/service\/\"},\"author\":{\"name\":\"praktkmaster\",\"@id\":\"\/#\/schema\/person\/4015c3b656759440a8291536b481326d\"},\"headline\":\"Service\",\"datePublished\":\"2022-11-07T09:19:07+00:00\",\"dateModified\":\"2024-09-27T07:56:25+00:00\",\"mainEntityOfPage\":{\"@id\":\"https:\/\/www.hotelpraktikgarden.com\/de\/hotel-barcelona\/service\/\"},\"wordCount\":111,\"publisher\":{\"@id\":\"\/#organization\"},\"image\":{\"@id\":\"https:\/\/www.hotelpraktikgarden.com\/de\/hotel-barcelona\/service\/#primaryimage\"},\"thumbnailUrl\":\"https:\/\/www.hotelpraktikgarden.com\/wp-content\/uploads\/sites\/21\/HOTEL-PRAKTIK-GARDEN-BARCELONA-TERRAZA-5-1.jpg\",\"inLanguage\":\"de\"},{\"@type\":\"WebPage\",\"@id\":\"https:\/\/www.hotelpraktikgarden.com\/de\/hotel-barcelona\/service\/\",\"url\":\"https:\/\/www.hotelpraktikgarden.com\/de\/hotel-barcelona\/service\/\",\"name\":\"Dienstleistungen - Hotel Praktik Garden\",\"isPartOf\":{\"@id\":\"\/#website\"},\"primaryImageOfPage\":{\"@id\":\"https:\/\/www.hotelpraktikgarden.com\/de\/hotel-barcelona\/service\/#primaryimage\"},\"image\":{\"@id\":\"https:\/\/www.hotelpraktikgarden.com\/de\/hotel-barcelona\/service\/#primaryimage\"},\"thumbnailUrl\":\"https:\/\/www.hotelpraktikgarden.com\/wp-content\/uploads\/sites\/21\/HOTEL-PRAKTIK-GARDEN-BARCELONA-TERRAZA-5-1.jpg\",\"datePublished\":\"2022-11-07T09:19:07+00:00\",\"dateModified\":\"2024-09-27T07:56:25+00:00\",\"description\":\"Finde im Hotel Praktik Garden alle Dienstleistungen, die du f\u00fcr einen Aufenthalt in der Stadt genau nach deinen W\u00fcnschen ben\u00f6tigst. Buche jetzt!\",\"breadcrumb\":{\"@id\":\"https:\/\/www.hotelpraktikgarden.com\/de\/hotel-barcelona\/service\/#breadcrumb\"},\"inLanguage\":\"de\",\"potentialAction\":[{\"@type\":\"ReadAction\",\"target\":[\"https:\/\/www.hotelpraktikgarden.com\/de\/hotel-barcelona\/service\/\"]}]},{\"@type\":\"ImageObject\",\"inLanguage\":\"de\",\"@id\":\"https:\/\/www.hotelpraktikgarden.com\/de\/hotel-barcelona\/service\/#primaryimage\",\"url\":\"https:\/\/www.hotelpraktikgarden.com\/wp-content\/uploads\/sites\/21\/HOTEL-PRAKTIK-GARDEN-BARCELONA-TERRAZA-5-1.jpg\",\"contentUrl\":\"https:\/\/www.hotelpraktikgarden.com\/wp-content\/uploads\/sites\/21\/HOTEL-PRAKTIK-GARDEN-BARCELONA-TERRAZA-5-1.jpg\",\"width\":540,\"height\":540,\"caption\":\"HOTEL-PRAKTIK-GARDEN-BARCELONA-TERRAZA\"},{\"@type\":\"BreadcrumbList\",\"@id\":\"https:\/\/www.hotelpraktikgarden.com\/de\/hotel-barcelona\/service\/#breadcrumb\",\"itemListElement\":[{\"@type\":\"ListItem\",\"position\":1,\"name\":\"Portada\",\"item\":\"https:\/\/www.hotelpraktikgarden.com\/de\/\"},{\"@type\":\"ListItem\",\"position\":2,\"name\":\"Hotel Barcelona\",\"item\":\"https:\/\/www.hotelpraktikgarden.com\/de\/\"},{\"@type\":\"ListItem\",\"position\":3,\"name\":\"Service\"}]},{\"@type\":\"WebSite\",\"@id\":\"\/#website\",\"url\":\"\/\",\"name\":\"Hotel Praktik Garden\",\"description\":\"Un oasis para desconectar\",\"publisher\":{\"@id\":\"\/#organization\"},\"potentialAction\":[{\"@type\":\"SearchAction\",\"target\":{\"@type\":\"EntryPoint\",\"urlTemplate\":\"\/?s={search_term_string}\"},\"query-input\":\"required name=search_term_string\"}],\"inLanguage\":\"de\"},{\"@type\":\"Organization\",\"@id\":\"\/#organization\",\"name\":\"Hotel Praktik Garden\",\"url\":\"\/\",\"logo\":{\"@type\":\"ImageObject\",\"inLanguage\":\"de\",\"@id\":\"\/#\/schema\/logo\/image\/\",\"url\":\"https:\/\/www.hotelpraktikgarden.com\/wp-content\/uploads\/sites\/21\/2022\/11\/praktik-vinoteca-habitacion01.jpg\",\"contentUrl\":\"https:\/\/www.hotelpraktikgarden.com\/wp-content\/uploads\/sites\/21\/2022\/11\/praktik-vinoteca-habitacion01.jpg\",\"width\":960,\"height\":635,\"caption\":\"Hotel Praktik Garden\"},\"image\":{\"@id\":\"\/#\/schema\/logo\/image\/\"},\"sameAs\":[\"https:\/\/www.facebook.com\/praktikhotels\/\",\"https:\/\/x.com\/praktikhotels\",\"https:\/\/www.instagram.com\/praktikhotels\/\"]},{\"@type\":\"Person\",\"@id\":\"\/#\/schema\/person\/4015c3b656759440a8291536b481326d\",\"name\":\"praktkmaster\",\"image\":{\"@type\":\"ImageObject\",\"inLanguage\":\"de\",\"@id\":\"\/#\/schema\/person\/image\/\",\"url\":\"https:\/\/secure.gravatar.com\/avatar\/29d735a18eaffe4d58415575700d4e8f?s=96&d=mm&r=g\",\"contentUrl\":\"https:\/\/secure.gravatar.com\/avatar\/29d735a18eaffe4d58415575700d4e8f?s=96&d=mm&r=g\",\"caption\":\"praktkmaster\"},\"sameAs\":[\"http:\/\/praktikdev.rkinnova.com\"]}]}<\/script>\n<!-- \/ Yoast SEO plugin. -->","yoast_head_json":{"title":"Dienstleistungen - Hotel Praktik Garden","description":"Finde im Hotel Praktik Garden alle Dienstleistungen, die du f\u00fcr einen Aufenthalt in der Stadt genau nach deinen W\u00fcnschen ben\u00f6tigst. Buche jetzt!","robots":{"index":"index","follow":"follow","max-snippet":"max-snippet:-1","max-image-preview":"max-image-preview:large","max-video-preview":"max-video-preview:-1"},"canonical":"https:\/\/www.hotelpraktikgarden.com\/de\/hotel-barcelona\/service\/","og_locale":"de_DE","og_type":"article","og_title":"Dienstleistungen - Hotel Praktik Garden","og_description":"Finde im Hotel Praktik Garden alle Dienstleistungen, die du f\u00fcr einen Aufenthalt in der Stadt genau nach deinen W\u00fcnschen ben\u00f6tigst. Buche jetzt!","og_url":"https:\/\/www.hotelpraktikgarden.com\/de\/hotel-barcelona\/service\/","og_site_name":"Hotel Praktik Garden","article_publisher":"https:\/\/www.facebook.com\/praktikhotels\/","article_modified_time":"2024-09-27T07:56:25+00:00","og_image":[{"width":540,"height":540,"url":"https:\/\/www.hotelpraktikgarden.com\/wp-content\/uploads\/sites\/21\/HOTEL-PRAKTIK-GARDEN-BARCELONA-TERRAZA-5-1.jpg","type":"image\/jpeg"}],"twitter_card":"summary_large_image","twitter_title":"Dienstleistungen - Hotel Praktik Garden","twitter_description":"Finde im Hotel Praktik Garden alle Dienstleistungen, die du f\u00fcr einen Aufenthalt in der Stadt genau nach deinen W\u00fcnschen ben\u00f6tigst. Buche jetzt!","twitter_site":"@praktikhotels","twitter_misc":{"Gesch\u00e4tzte Lesezeit":"4\u00a0Minuten"},"schema":{"@context":"https:\/\/schema.org","@graph":[{"@type":"Article","@id":"https:\/\/www.hotelpraktikgarden.com\/de\/hotel-barcelona\/service\/#article","isPartOf":{"@id":"https:\/\/www.hotelpraktikgarden.com\/de\/hotel-barcelona\/service\/"},"author":{"name":"praktkmaster","@id":"\/#\/schema\/person\/4015c3b656759440a8291536b481326d"},"headline":"Service","datePublished":"2022-11-07T09:19:07+00:00","dateModified":"2024-09-27T07:56:25+00:00","mainEntityOfPage":{"@id":"https:\/\/www.hotelpraktikgarden.com\/de\/hotel-barcelona\/service\/"},"wordCount":111,"publisher":{"@id":"\/#organization"},"image":{"@id":"https:\/\/www.hotelpraktikgarden.com\/de\/hotel-barcelona\/service\/#primaryimage"},"thumbnailUrl":"https:\/\/www.hotelpraktikgarden.com\/wp-content\/uploads\/sites\/21\/HOTEL-PRAKTIK-GARDEN-BARCELONA-TERRAZA-5-1.jpg","inLanguage":"de"},{"@type":"WebPage","@id":"https:\/\/www.hotelpraktikgarden.com\/de\/hotel-barcelona\/service\/","url":"https:\/\/www.hotelpraktikgarden.com\/de\/hotel-barcelona\/service\/","name":"Dienstleistungen - Hotel Praktik Garden","isPartOf":{"@id":"\/#website"},"primaryImageOfPage":{"@id":"https:\/\/www.hotelpraktikgarden.com\/de\/hotel-barcelona\/service\/#primaryimage"},"image":{"@id":"https:\/\/www.hotelpraktikgarden.com\/de\/hotel-barcelona\/service\/#primaryimage"},"thumbnailUrl":"https:\/\/www.hotelpraktikgarden.com\/wp-content\/uploads\/sites\/21\/HOTEL-PRAKTIK-GARDEN-BARCELONA-TERRAZA-5-1.jpg","datePublished":"2022-11-07T09:19:07+00:00","dateModified":"2024-09-27T07:56:25+00:00","description":"Finde im Hotel Praktik Garden alle Dienstleistungen, die du f\u00fcr einen Aufenthalt in der Stadt genau nach deinen W\u00fcnschen ben\u00f6tigst. Buche jetzt!","breadcrumb":{"@id":"https:\/\/www.hotelpraktikgarden.com\/de\/hotel-barcelona\/service\/#breadcrumb"},"inLanguage":"de","potentialAction":[{"@type":"ReadAction","target":["https:\/\/www.hotelpraktikgarden.com\/de\/hotel-barcelona\/service\/"]}]},{"@type":"ImageObject","inLanguage":"de","@id":"https:\/\/www.hotelpraktikgarden.com\/de\/hotel-barcelona\/service\/#primaryimage","url":"https:\/\/www.hotelpraktikgarden.com\/wp-content\/uploads\/sites\/21\/HOTEL-PRAKTIK-GARDEN-BARCELONA-TERRAZA-5-1.jpg","contentUrl":"https:\/\/www.hotelpraktikgarden.com\/wp-content\/uploads\/sites\/21\/HOTEL-PRAKTIK-GARDEN-BARCELONA-TERRAZA-5-1.jpg","width":540,"height":540,"caption":"HOTEL-PRAKTIK-GARDEN-BARCELONA-TERRAZA"},{"@type":"BreadcrumbList","@id":"https:\/\/www.hotelpraktikgarden.com\/de\/hotel-barcelona\/service\/#breadcrumb","itemListElement":[{"@type":"ListItem","position":1,"name":"Portada","item":"https:\/\/www.hotelpraktikgarden.com\/de\/"},{"@type":"ListItem","position":2,"name":"Hotel Barcelona","item":"https:\/\/www.hotelpraktikgarden.com\/de\/"},{"@type":"ListItem","position":3,"name":"Service"}]},{"@type":"WebSite","@id":"\/#website","url":"\/","name":"Hotel Praktik Garden","description":"Un oasis para desconectar","publisher":{"@id":"\/#organization"},"potentialAction":[{"@type":"SearchAction","target":{"@type":"EntryPoint","urlTemplate":"\/?s={search_term_string}"},"query-input":"required name=search_term_string"}],"inLanguage":"de"},{"@type":"Organization","@id":"\/#organization","name":"Hotel Praktik Garden","url":"\/","logo":{"@type":"ImageObject","inLanguage":"de","@id":"\/#\/schema\/logo\/image\/","url":"https:\/\/www.hotelpraktikgarden.com\/wp-content\/uploads\/sites\/21\/2022\/11\/praktik-vinoteca-habitacion01.jpg","contentUrl":"https:\/\/www.hotelpraktikgarden.com\/wp-content\/uploads\/sites\/21\/2022\/11\/praktik-vinoteca-habitacion01.jpg","width":960,"height":635,"caption":"Hotel Praktik Garden"},"image":{"@id":"\/#\/schema\/logo\/image\/"},"sameAs":["https:\/\/www.facebook.com\/praktikhotels\/","https:\/\/x.com\/praktikhotels","https:\/\/www.instagram.com\/praktikhotels\/"]},{"@type":"Person","@id":"\/#\/schema\/person\/4015c3b656759440a8291536b481326d","name":"praktkmaster","image":{"@type":"ImageObject","inLanguage":"de","@id":"\/#\/schema\/person\/image\/","url":"https:\/\/secure.gravatar.com\/avatar\/29d735a18eaffe4d58415575700d4e8f?s=96&d=mm&r=g","contentUrl":"https:\/\/secure.gravatar.com\/avatar\/29d735a18eaffe4d58415575700d4e8f?s=96&d=mm&r=g","caption":"praktkmaster"},"sameAs":["http:\/\/praktikdev.rkinnova.com"]}]}},"_links":{"self":[{"href":"https:\/\/www.hotelpraktikgarden.com\/de\/wp-json\/wp\/v2\/pages\/7692"}],"collection":[{"href":"https:\/\/www.hotelpraktikgarden.com\/de\/wp-json\/wp\/v2\/pages"}],"about":[{"href":"https:\/\/www.hotelpraktikgarden.com\/de\/wp-json\/wp\/v2\/types\/page"}],"author":[{"embeddable":true,"href":"https:\/\/www.hotelpraktikgarden.com\/de\/wp-json\/wp\/v2\/users\/1"}],"replies":[{"embeddable":true,"href":"https:\/\/www.hotelpraktikgarden.com\/de\/wp-json\/wp\/v2\/comments?post=7692"}],"version-history":[{"count":7,"href":"https:\/\/www.hotelpraktikgarden.com\/de\/wp-json\/wp\/v2\/pages\/7692\/revisions"}],"predecessor-version":[{"id":13564,"href":"https:\/\/www.hotelpraktikgarden.com\/de\/wp-json\/wp\/v2\/pages\/7692\/revisions\/13564"}],"up":[{"embeddable":true,"href":"https:\/\/www.hotelpraktikgarden.com\/de\/wp-json\/wp\/v2\/pages\/7570"}],"wp:featuredmedia":[{"embeddable":true,"href":"https:\/\/www.hotelpraktikgarden.com\/de\/wp-json\/wp\/v2\/media\/11707"}],"wp:attachment":[{"href":"https:\/\/www.hotelpraktikgarden.com\/de\/wp-json\/wp\/v2\/media?parent=7692"}],"curies":[{"name":"wp","href":"https:\/\/api.w.org\/{rel}","templated":true}]}}