{"id":13797,"date":"2026-04-07T07:16:54","date_gmt":"2026-04-07T07:16:54","guid":{"rendered":"https:\/\/www.hotelpraktikgarden.com\/condiciones-de-reserva\/"},"modified":"2026-04-07T07:26:02","modified_gmt":"2026-04-07T07:26:02","slug":"buchungsbedingungen","status":"publish","type":"page","link":"https:\/\/www.hotelpraktikgarden.com\/de\/buchungsbedingungen\/","title":{"rendered":"Buchungsbedingungen"},"content":{"rendered":"<p><span style=\"font-weight: 400;\">Nach Abschluss der Buchung erh\u00e4lt der Kunde eine Best\u00e4tigungs-E-Mail, diese dient als Buchungsbeleg.<\/span><\/p>\n<p><span style=\"font-weight: 400;\">Die Buchung wird durch eine Kreditkarte best\u00e4tigt und garantiert. W\u00e4hrend des Buchungsvorgangs k\u00f6nnen die Kreditkartendaten \u00fcberpr\u00fcft werden, um die in diesen Bedingungen vorgesehenen Abbuchungen zu autorisieren.<\/span><\/p>\n<p><span style=\"font-weight: 400;\">Bei Nichterscheinen im Hotel ohne vorherige Benachrichtigung wird der Betrag f\u00fcr die erste \u00dcbernachtung inklusive Mehrwertsteuer belastet.<\/span><\/p>\n<p><span style=\"font-weight: 400;\">Eine Stornierung der Buchung ist kostenlos, sofern sie innerhalb der in den Stornierungsbedingungen des gew\u00e4hlten Tarifs festgelegten Frist erfolgt. Diese Bedingungen k\u00f6nnen je nach Aufenthaltsdaten und Art der gebuchten Unterkunft variieren.<\/span><\/p>\n<p><span style=\"font-weight: 400;\">Nach Ablauf der kostenlosen Stornierungsfrist kann Praktik Hotels den Betrag f\u00fcr die erste \u00dcbernachtung inklusive Mehrwertsteuer oder den Gesamtbetrag der Buchung in Rechnung stellen, je nach den im jeweiligen Fall geltenden spezifischen Bedingungen.<\/span><\/p>\n<p><span style=\"font-weight: 400;\">Wird der Gesamtbetrag des Aufenthalts in Rechnung gestellt, kann eine vollst\u00e4ndige oder teilweise R\u00fcckerstattung der bereits gezahlten Betr\u00e4ge in Betracht gezogen werden, sofern dies gem\u00e4\u00df den geltenden Vorschriften und den letztlich nicht in Anspruch genommenen Leistungen angemessen ist.<\/span><\/p>\n<p><span style=\"font-weight: 400;\">Zudem unterliegt der Aufenthalt der Kurtaxe sowie gegebenenfalls der kommunalen Abgabe gem\u00e4\u00df den zum Zeitpunkt des Aufenthalts geltenden Vorschriften. Diese Betr\u00e4ge sind, sofern nicht ausdr\u00fccklich anders angegeben, nicht im Buchungspreis enthalten und m\u00fcssen vor Ort bezahlt werden. In jedem Fall werden sie auf der Rechnung oder dem Zahlungsbeleg separat ausgewiesen.<\/span><\/p>\n","protected":false},"excerpt":{"rendered":"<p>Nach Abschluss der Buchung erh\u00e4lt der Kunde eine Best\u00e4tigungs-E-Mail, diese dient als Buchungsbeleg. Die Buchung wird durch eine Kreditkarte best\u00e4tigt und garantiert. W\u00e4hrend des Buchungsvorgangs k\u00f6nnen die Kreditkartendaten \u00fcberpr\u00fcft werden, um die in diesen Bedingungen vorgesehenen Abbuchungen zu autorisieren. Bei Nichterscheinen im Hotel ohne vorherige Benachrichtigung wird der Betrag f\u00fcr die erste \u00dcbernachtung inklusive Mehrwertsteuer [&hellip;]<\/p>\n","protected":false},"author":29,"featured_media":0,"parent":0,"menu_order":0,"comment_status":"closed","ping_status":"closed","template":"","meta":{"inline_featured_image":false,"footnotes":""},"class_list":["post-13797","page","type-page","status-publish","hentry","post-wrapper","thrv_wrapper"],"yoast_head":"<!-- This site is optimized with the Yoast SEO plugin v23.2 - https:\/\/yoast.com\/wordpress\/plugins\/seo\/ -->\n<title>Buchungsbedingungen - Hotel Praktik Garden<\/title>\n<meta name=\"description\" content=\"Praktik Garden pone a tu disposici\u00f3n sus Condiciones de reserva.\" \/>\n<meta name=\"robots\" content=\"index, follow, max-snippet:-1, max-image-preview:large, max-video-preview:-1\" \/>\n<link rel=\"canonical\" href=\"https:\/\/www.hotelpraktikgarden.com\/de\/buchungsbedingungen\/\" \/>\n<meta property=\"og:locale\" content=\"de_DE\" \/>\n<meta property=\"og:type\" content=\"article\" \/>\n<meta property=\"og:title\" content=\"Aviso legal - Hotel Praktik Garden\" \/>\n<meta property=\"og:description\" content=\"Praktik Garden pone a tu disposici\u00f3n un aviso legal que te permitir\u00e1 consultar la normativa de esta web.\" \/>\n<meta property=\"og:url\" content=\"https:\/\/www.hotelpraktikgarden.com\/de\/buchungsbedingungen\/\" \/>\n<meta property=\"og:site_name\" content=\"Hotel Praktik Garden\" \/>\n<meta property=\"article:publisher\" content=\"https:\/\/www.facebook.com\/praktikhotels\/\" \/>\n<meta property=\"article:modified_time\" content=\"2026-04-07T07:26:02+00:00\" \/>\n<meta name=\"twitter:card\" content=\"summary_large_image\" \/>\n<meta name=\"twitter:title\" content=\"Aviso legal - Hotel Praktik Garden\" \/>\n<meta name=\"twitter:description\" content=\"Praktik Garden pone a tu disposici\u00f3n un aviso legal que te permitir\u00e1 consultar la normativa de esta web.\" \/>\n<meta name=\"twitter:site\" content=\"@praktikhotels\" \/>\n<meta name=\"twitter:label1\" content=\"Gesch\u00e4tzte Lesezeit\" \/>\n\t<meta name=\"twitter:data1\" content=\"2\u00a0Minuten\" \/>\n<script type=\"application\/ld+json\" class=\"yoast-schema-graph\">{\"@context\":\"https:\/\/schema.org\",\"@graph\":[{\"@type\":\"Article\",\"@id\":\"https:\/\/www.hotelpraktikgarden.com\/de\/buchungsbedingungen\/#article\",\"isPartOf\":{\"@id\":\"https:\/\/www.hotelpraktikgarden.com\/de\/buchungsbedingungen\/\"},\"author\":{\"name\":\"sergiomartin\",\"@id\":\"\/#\/schema\/person\/fae150a1ba960a8630c86ad1535f2ffb\"},\"headline\":\"Buchungsbedingungen\",\"datePublished\":\"2026-04-07T07:16:54+00:00\",\"dateModified\":\"2026-04-07T07:26:02+00:00\",\"mainEntityOfPage\":{\"@id\":\"https:\/\/www.hotelpraktikgarden.com\/de\/buchungsbedingungen\/\"},\"wordCount\":225,\"publisher\":{\"@id\":\"\/#organization\"},\"inLanguage\":\"de\"},{\"@type\":\"WebPage\",\"@id\":\"https:\/\/www.hotelpraktikgarden.com\/de\/buchungsbedingungen\/\",\"url\":\"https:\/\/www.hotelpraktikgarden.com\/de\/buchungsbedingungen\/\",\"name\":\"Buchungsbedingungen - Hotel Praktik Garden\",\"isPartOf\":{\"@id\":\"\/#website\"},\"datePublished\":\"2026-04-07T07:16:54+00:00\",\"dateModified\":\"2026-04-07T07:26:02+00:00\",\"description\":\"Praktik Garden pone a tu disposici\u00f3n sus Condiciones de reserva.\",\"breadcrumb\":{\"@id\":\"https:\/\/www.hotelpraktikgarden.com\/de\/buchungsbedingungen\/#breadcrumb\"},\"inLanguage\":\"de\",\"potentialAction\":[{\"@type\":\"ReadAction\",\"target\":[\"https:\/\/www.hotelpraktikgarden.com\/de\/buchungsbedingungen\/\"]}]},{\"@type\":\"BreadcrumbList\",\"@id\":\"https:\/\/www.hotelpraktikgarden.com\/de\/buchungsbedingungen\/#breadcrumb\",\"itemListElement\":[{\"@type\":\"ListItem\",\"position\":1,\"name\":\"Portada\",\"item\":\"https:\/\/www.hotelpraktikgarden.com\/de\/\"},{\"@type\":\"ListItem\",\"position\":2,\"name\":\"Buchungsbedingungen\"}]},{\"@type\":\"WebSite\",\"@id\":\"\/#website\",\"url\":\"\/\",\"name\":\"Hotel Praktik Garden\",\"description\":\"Un oasis para desconectar\",\"publisher\":{\"@id\":\"\/#organization\"},\"potentialAction\":[{\"@type\":\"SearchAction\",\"target\":{\"@type\":\"EntryPoint\",\"urlTemplate\":\"\/?s={search_term_string}\"},\"query-input\":\"required name=search_term_string\"}],\"inLanguage\":\"de\"},{\"@type\":\"Organization\",\"@id\":\"\/#organization\",\"name\":\"Hotel Praktik Garden\",\"url\":\"\/\",\"logo\":{\"@type\":\"ImageObject\",\"inLanguage\":\"de\",\"@id\":\"\/#\/schema\/logo\/image\/\",\"url\":\"https:\/\/www.hotelpraktikgarden.com\/wp-content\/uploads\/sites\/21\/2022\/11\/praktik-vinoteca-habitacion01.jpg\",\"contentUrl\":\"https:\/\/www.hotelpraktikgarden.com\/wp-content\/uploads\/sites\/21\/2022\/11\/praktik-vinoteca-habitacion01.jpg\",\"width\":960,\"height\":635,\"caption\":\"Hotel Praktik Garden\"},\"image\":{\"@id\":\"\/#\/schema\/logo\/image\/\"},\"sameAs\":[\"https:\/\/www.facebook.com\/praktikhotels\/\",\"https:\/\/x.com\/praktikhotels\",\"https:\/\/www.instagram.com\/praktikhotels\/\"]},{\"@type\":\"Person\",\"@id\":\"\/#\/schema\/person\/fae150a1ba960a8630c86ad1535f2ffb\",\"name\":\"sergiomartin\",\"image\":{\"@type\":\"ImageObject\",\"inLanguage\":\"de\",\"@id\":\"\/#\/schema\/person\/image\/\",\"url\":\"https:\/\/secure.gravatar.com\/avatar\/f4a117b97aefd7558dee3482b49bc347?s=96&d=mm&r=g\",\"contentUrl\":\"https:\/\/secure.gravatar.com\/avatar\/f4a117b97aefd7558dee3482b49bc347?s=96&d=mm&r=g\",\"caption\":\"sergiomartin\"}}]}<\/script>\n<!-- \/ Yoast SEO plugin. -->","yoast_head_json":{"title":"Buchungsbedingungen - Hotel Praktik Garden","description":"Praktik Garden pone a tu disposici\u00f3n sus Condiciones de reserva.","robots":{"index":"index","follow":"follow","max-snippet":"max-snippet:-1","max-image-preview":"max-image-preview:large","max-video-preview":"max-video-preview:-1"},"canonical":"https:\/\/www.hotelpraktikgarden.com\/de\/buchungsbedingungen\/","og_locale":"de_DE","og_type":"article","og_title":"Aviso legal - Hotel Praktik Garden","og_description":"Praktik Garden pone a tu disposici\u00f3n un aviso legal que te permitir\u00e1 consultar la normativa de esta web.","og_url":"https:\/\/www.hotelpraktikgarden.com\/de\/buchungsbedingungen\/","og_site_name":"Hotel Praktik Garden","article_publisher":"https:\/\/www.facebook.com\/praktikhotels\/","article_modified_time":"2026-04-07T07:26:02+00:00","twitter_card":"summary_large_image","twitter_title":"Aviso legal - Hotel Praktik Garden","twitter_description":"Praktik Garden pone a tu disposici\u00f3n un aviso legal que te permitir\u00e1 consultar la normativa de esta web.","twitter_site":"@praktikhotels","twitter_misc":{"Gesch\u00e4tzte Lesezeit":"2\u00a0Minuten"},"schema":{"@context":"https:\/\/schema.org","@graph":[{"@type":"Article","@id":"https:\/\/www.hotelpraktikgarden.com\/de\/buchungsbedingungen\/#article","isPartOf":{"@id":"https:\/\/www.hotelpraktikgarden.com\/de\/buchungsbedingungen\/"},"author":{"name":"sergiomartin","@id":"\/#\/schema\/person\/fae150a1ba960a8630c86ad1535f2ffb"},"headline":"Buchungsbedingungen","datePublished":"2026-04-07T07:16:54+00:00","dateModified":"2026-04-07T07:26:02+00:00","mainEntityOfPage":{"@id":"https:\/\/www.hotelpraktikgarden.com\/de\/buchungsbedingungen\/"},"wordCount":225,"publisher":{"@id":"\/#organization"},"inLanguage":"de"},{"@type":"WebPage","@id":"https:\/\/www.hotelpraktikgarden.com\/de\/buchungsbedingungen\/","url":"https:\/\/www.hotelpraktikgarden.com\/de\/buchungsbedingungen\/","name":"Buchungsbedingungen - Hotel Praktik Garden","isPartOf":{"@id":"\/#website"},"datePublished":"2026-04-07T07:16:54+00:00","dateModified":"2026-04-07T07:26:02+00:00","description":"Praktik Garden pone a tu disposici\u00f3n sus Condiciones de reserva.","breadcrumb":{"@id":"https:\/\/www.hotelpraktikgarden.com\/de\/buchungsbedingungen\/#breadcrumb"},"inLanguage":"de","potentialAction":[{"@type":"ReadAction","target":["https:\/\/www.hotelpraktikgarden.com\/de\/buchungsbedingungen\/"]}]},{"@type":"BreadcrumbList","@id":"https:\/\/www.hotelpraktikgarden.com\/de\/buchungsbedingungen\/#breadcrumb","itemListElement":[{"@type":"ListItem","position":1,"name":"Portada","item":"https:\/\/www.hotelpraktikgarden.com\/de\/"},{"@type":"ListItem","position":2,"name":"Buchungsbedingungen"}]},{"@type":"WebSite","@id":"\/#website","url":"\/","name":"Hotel Praktik Garden","description":"Un oasis para desconectar","publisher":{"@id":"\/#organization"},"potentialAction":[{"@type":"SearchAction","target":{"@type":"EntryPoint","urlTemplate":"\/?s={search_term_string}"},"query-input":"required name=search_term_string"}],"inLanguage":"de"},{"@type":"Organization","@id":"\/#organization","name":"Hotel Praktik Garden","url":"\/","logo":{"@type":"ImageObject","inLanguage":"de","@id":"\/#\/schema\/logo\/image\/","url":"https:\/\/www.hotelpraktikgarden.com\/wp-content\/uploads\/sites\/21\/2022\/11\/praktik-vinoteca-habitacion01.jpg","contentUrl":"https:\/\/www.hotelpraktikgarden.com\/wp-content\/uploads\/sites\/21\/2022\/11\/praktik-vinoteca-habitacion01.jpg","width":960,"height":635,"caption":"Hotel Praktik Garden"},"image":{"@id":"\/#\/schema\/logo\/image\/"},"sameAs":["https:\/\/www.facebook.com\/praktikhotels\/","https:\/\/x.com\/praktikhotels","https:\/\/www.instagram.com\/praktikhotels\/"]},{"@type":"Person","@id":"\/#\/schema\/person\/fae150a1ba960a8630c86ad1535f2ffb","name":"sergiomartin","image":{"@type":"ImageObject","inLanguage":"de","@id":"\/#\/schema\/person\/image\/","url":"https:\/\/secure.gravatar.com\/avatar\/f4a117b97aefd7558dee3482b49bc347?s=96&d=mm&r=g","contentUrl":"https:\/\/secure.gravatar.com\/avatar\/f4a117b97aefd7558dee3482b49bc347?s=96&d=mm&r=g","caption":"sergiomartin"}}]}},"_links":{"self":[{"href":"https:\/\/www.hotelpraktikgarden.com\/de\/wp-json\/wp\/v2\/pages\/13797"}],"collection":[{"href":"https:\/\/www.hotelpraktikgarden.com\/de\/wp-json\/wp\/v2\/pages"}],"about":[{"href":"https:\/\/www.hotelpraktikgarden.com\/de\/wp-json\/wp\/v2\/types\/page"}],"author":[{"embeddable":true,"href":"https:\/\/www.hotelpraktikgarden.com\/de\/wp-json\/wp\/v2\/users\/29"}],"replies":[{"embeddable":true,"href":"https:\/\/www.hotelpraktikgarden.com\/de\/wp-json\/wp\/v2\/comments?post=13797"}],"version-history":[{"count":2,"href":"https:\/\/www.hotelpraktikgarden.com\/de\/wp-json\/wp\/v2\/pages\/13797\/revisions"}],"predecessor-version":[{"id":13809,"href":"https:\/\/www.hotelpraktikgarden.com\/de\/wp-json\/wp\/v2\/pages\/13797\/revisions\/13809"}],"wp:attachment":[{"href":"https:\/\/www.hotelpraktikgarden.com\/de\/wp-json\/wp\/v2\/media?parent=13797"}],"curies":[{"name":"wp","href":"https:\/\/api.w.org\/{rel}","templated":true}]}}