{"id":10793,"date":"2022-12-07T11:27:22","date_gmt":"2022-12-07T11:27:22","guid":{"rendered":"https:\/\/www.hotelpraktikgarden.com\/politica-de-cookies\/"},"modified":"2024-01-29T13:19:41","modified_gmt":"2024-01-29T13:19:41","slug":"politica-de-cookies","status":"publish","type":"page","link":"https:\/\/www.hotelpraktikgarden.com\/ca\/politica-de-cookies\/","title":{"rendered":"Pol\u00edtica de cookies"},"content":{"rendered":"<h1>Pol\u00edtica de cookies<\/h1>\n<p>Una cookie es <strong>un fichero que se descarga en su ordenador al acceder a determinadas p\u00e1ginas web<\/strong>.<\/p>\n<p>Las cookies permiten a una p\u00e1gina web, entre otras cosas, almacenar y recuperar informaci\u00f3n sobre los h\u00e1bitos de navegaci\u00f3n de un usuario o de su equipo y, dependiendo de la informaci\u00f3n que contengan y de la forma en que utilice su equipo, pueden utilizarse para reconocer al usuario&#8230; El navegador del usuario memoriza cookies en el disco duro solamente durante la sesi\u00f3n actual ocupando un espacio de memoria m\u00ednimo y no perjudicando al ordenador. Las cookies no contienen ninguna clase de informaci\u00f3n personal espec\u00ed\u2000ca, y la mayor\u00eda de las mismas se borran del disco duro al \u2000nalizar la sesi\u00f3n de navegador (las denominadas cookies de\u00a0sesi\u00f3n).<\/p>\n<p>La mayor\u00eda de los navegadores aceptan como est\u00e1ndar a las cookies y, con independencia de las\u00a0mismas, permiten o impiden en los ajustes de seguridad las cookies temporales o memorizadas.<\/p>\n<p>Sin su expreso consentimiento \u2013mediante la activaci\u00f3n de las cookies en su navegador\u2013PRAKTIK\u00a0HOTELS no enlazar\u00e1 en las cookies los datos memorizados con sus datos personales<\/p>\n<p>proporcionados en el momento del registro o la compra.<\/p>\n<h5>\u00bfQu\u00e9 tipos de cookies utiliza esta p\u00e1gina web?<\/h5>\n<ul>\n<li>Cookies t\u00e9cnicas: Son aqu\u00e9llas que permiten al usuario la navegaci\u00f3n a trav\u00e9s de una p\u00e1gina web, plataforma o aplicaci\u00f3n y la utilizaci\u00f3n de las diferentes opciones o servicios que en ella existan como, por ejemplo, controlar el tr\u00e1fico y la comunicaci\u00f3n de datos, identificar la sesi\u00f3n, acceder a partes de acceso restringido, recordar los elementos que integran un pedido, realizar el proceso de compra de un pedido, realizar la solicitud de inscripci\u00f3n o participaci\u00f3n en un evento, utilizar elementos de seguridad durante la navegaci\u00f3n, almacenar contenidos para la difusi\u00f3n de videos o sonido o compartir contenidos a trav\u00e9s de redes sociales.<\/li>\n<li>Cookies de an\u00e1lisis: Son aqu\u00e9llas que bien tratadas por nosotros o por terceros, nos permiten cuantificar el n\u00famero de usuarios y as\u00ed realizar la medici\u00f3n y an\u00e1lisis estad\u00edstico de la utilizaci\u00f3n que hacen los usuarios del servicio ofertado. Para ello se analiza su navegaci\u00f3n en nuestra p\u00e1gina web con el fin de mejorar la oferta de productos o servicios que le ofrecemos.<\/li>\n<li>Cookies de publicidad comportamental: Son aqu\u00e9llas que permiten la gesti\u00f3n, de la forma m\u00e1s eficaz posible, de los espacios publicitarios que, en su caso, el editor haya incluido en una p\u00e1gina web, aplicaci\u00f3n o plataforma desde la que presta el servicio solicitado. Estas cookies almacenan informaci\u00f3n del comportamiento de los usuarios obtenida a trav\u00e9s de la observaci\u00f3n continuada de sus h\u00e1bitos de navegaci\u00f3n, lo que permite desarrollar un perfil espec\u00edfico para mostrar publicidad en funci\u00f3n del mismo<\/li>\n<li>Cookies de terceros: La Web de PRAKTIK HOTELS puede utilizar servicios de terceros que, por cuenta de PRAKTIK HOTELS, recopilaran informaci\u00f3n con \u2000nes estad\u00edsticos, de uso del Site por parte del usuario y para la prestaci\u00f3n de otros servicios relacionados con la actividad del Website y otros servicios de Internet.<\/li>\n<\/ul>\n<p>En particular, este sitio Web utiliza Google Analytics, un servicio anal\u00edtico de web prestado por\u00a0Google, Inc. con domicilio en los Estados Unidos con sede central en 1600 Amphitheatre<\/p>\n<p>Parkway, Mountain View, California 94043. Para la prestaci\u00f3n de estos servicios, estos utilizan\u00a0cookies que recopilan la informaci\u00f3n, incluida la direcci\u00f3n IP del usuario, que ser\u00e1 transmitida,\u00a0tratada y almacenada por Google en los t\u00e9rminos \u2000fijados en la Web Google.com. Incluyendo la posible transmisi\u00f3n de dicha informaci\u00f3n a terceros por razones de exigencia legal o cuando\u00a0dichos terceros procesen la informaci\u00f3n por cuenta de Google.<\/p>\n<p>El Usuario acepta expresamente, por la utilizaci\u00f3n de este Site, el tratamiento de la informaci\u00f3n\u00a0recabada en la forma y con los \u2000fines anteriormente mencionados. Y asimismo reconoce conocer la posibilidad de rechazar el tratamiento de tales datos o informaci\u00f3n rechazando el uso de\u00a0Cookies mediante la selecci\u00f3n de la configuraci\u00f3n apropiada a tal \u2000fin en su navegador. Si bien\u00a0esta opci\u00f3n de bloqueo de Cookies en su navegador puede no permitirle el uso pleno de todas\u00a0las funcionalidades del Website.<\/p>\n<p>Puede usted permitir, bloquear o eliminar las cookies instaladas en su equipo mediante la configuraci\u00f3n de las opciones del navegador instalado en su ordenador:<\/p>\n<ul>\n<li><a href=\"https:\/\/support.google.com\/chrome\/answer\/95647?hl=es\">Chrome<\/a><\/li>\n<li><a href=\"https:\/\/support.microsoft.com\/es-es\/microsoft-edge\/eliminar-las-cookies-en-microsoft-edge-63947406-40ac-c3b8-57b9-2a946a29ae09\">Edge<\/a><\/li>\n<li><a href=\"https:\/\/support.mozilla.org\/es\/kb\/habilitar-y-deshabilitar-cookies-sitios-web-rastrear-preferencias?redirectslug=habilitar-y-deshabilitar-cookies-que-los-sitios-we&amp;redirectlocale=es\">Firefox<\/a><\/li>\n<li><a href=\"https:\/\/support.apple.com\/es-es\/HT201265\">Safari<\/a><\/li>\n<\/ul>\n<p>Si tiene dudas sobre esta pol\u00edtica de cookies, puede contactar con PRAKTIK HOTELS en\u00a0hello@praktikhotels.com<\/p>\n","protected":false},"excerpt":{"rendered":"<p>Pol\u00edtica de cookies Una cookie es un fichero que se descarga en su ordenador al acceder a determinadas p\u00e1ginas web. Las cookies permiten a una p\u00e1gina web, entre otras cosas, almacenar y recuperar informaci\u00f3n sobre los h\u00e1bitos de navegaci\u00f3n de un usuario o de su equipo y, dependiendo de la informaci\u00f3n que contengan y de [&hellip;]<\/p>\n","protected":false},"author":1,"featured_media":0,"parent":0,"menu_order":0,"comment_status":"closed","ping_status":"closed","template":"","meta":{"inline_featured_image":false,"footnotes":""},"class_list":["post-10793","page","type-page","status-publish","hentry","post-wrapper","thrv_wrapper"],"yoast_head":"<!-- This site is optimized with the Yoast SEO plugin v23.2 - https:\/\/yoast.com\/wordpress\/plugins\/seo\/ -->\n<title>Hotel Praktik Garden - La nostra pol\u00edtica de cookies<\/title>\n<meta name=\"description\" content=\"Sense el vostre consentiment PRAKTIK HOTELS no enlla\u00e7ar\u00e0 a les cookies les vostres dades personals proporcionades en el moment del registre o la compra.\" \/>\n<meta name=\"robots\" content=\"index, follow, max-snippet:-1, max-image-preview:large, max-video-preview:-1\" \/>\n<link rel=\"canonical\" href=\"https:\/\/www.hotelpraktikgarden.com\/ca\/politica-de-cookies\/\" \/>\n<meta property=\"og:locale\" content=\"ca_ES\" \/>\n<meta property=\"og:type\" content=\"article\" \/>\n<meta property=\"og:title\" content=\"Hotel Praktik Garden - La nostra pol\u00edtica de cookies\" \/>\n<meta property=\"og:description\" content=\"Sense el vostre consentiment PRAKTIK HOTELS no enlla\u00e7ar\u00e0 a les cookies les vostres dades personals proporcionades en el moment del registre o la compra.\" \/>\n<meta property=\"og:url\" content=\"https:\/\/www.hotelpraktikgarden.com\/ca\/politica-de-cookies\/\" \/>\n<meta property=\"og:site_name\" content=\"Hotel Praktik Garden\" \/>\n<meta property=\"article:publisher\" content=\"https:\/\/www.facebook.com\/praktikhotels\/\" \/>\n<meta property=\"article:modified_time\" content=\"2024-01-29T13:19:41+00:00\" \/>\n<meta name=\"twitter:card\" content=\"summary_large_image\" \/>\n<meta name=\"twitter:title\" content=\"Hotel Praktik Garden - La nostra pol\u00edtica de cookies\" \/>\n<meta name=\"twitter:description\" content=\"Sense el vostre consentiment PRAKTIK HOTELS no enlla\u00e7ar\u00e0 a les cookies les vostres dades personals proporcionades en el moment del registre o la compra.\" \/>\n<meta name=\"twitter:site\" content=\"@praktikhotels\" \/>\n<meta name=\"twitter:label1\" content=\"Temps estimat de lectura\" \/>\n\t<meta name=\"twitter:data1\" content=\"4 minuts\" \/>\n<script type=\"application\/ld+json\" class=\"yoast-schema-graph\">{\"@context\":\"https:\/\/schema.org\",\"@graph\":[{\"@type\":\"Article\",\"@id\":\"https:\/\/www.hotelpraktikgarden.com\/ca\/politica-de-cookies\/#article\",\"isPartOf\":{\"@id\":\"https:\/\/www.hotelpraktikgarden.com\/ca\/politica-de-cookies\/\"},\"author\":{\"name\":\"praktkmaster\",\"@id\":\"\/#\/schema\/person\/4015c3b656759440a8291536b481326d\"},\"headline\":\"Pol\u00edtica de cookies\",\"datePublished\":\"2022-12-07T11:27:22+00:00\",\"dateModified\":\"2024-01-29T13:19:41+00:00\",\"mainEntityOfPage\":{\"@id\":\"https:\/\/www.hotelpraktikgarden.com\/ca\/politica-de-cookies\/\"},\"wordCount\":786,\"publisher\":{\"@id\":\"\/#organization\"},\"inLanguage\":\"ca\"},{\"@type\":\"WebPage\",\"@id\":\"https:\/\/www.hotelpraktikgarden.com\/ca\/politica-de-cookies\/\",\"url\":\"https:\/\/www.hotelpraktikgarden.com\/ca\/politica-de-cookies\/\",\"name\":\"Hotel Praktik Garden - La nostra pol\u00edtica de cookies\",\"isPartOf\":{\"@id\":\"\/#website\"},\"datePublished\":\"2022-12-07T11:27:22+00:00\",\"dateModified\":\"2024-01-29T13:19:41+00:00\",\"description\":\"Sense el vostre consentiment PRAKTIK HOTELS no enlla\u00e7ar\u00e0 a les cookies les vostres dades personals proporcionades en el moment del registre o la compra.\",\"breadcrumb\":{\"@id\":\"https:\/\/www.hotelpraktikgarden.com\/ca\/politica-de-cookies\/#breadcrumb\"},\"inLanguage\":\"ca\",\"potentialAction\":[{\"@type\":\"ReadAction\",\"target\":[\"https:\/\/www.hotelpraktikgarden.com\/ca\/politica-de-cookies\/\"]}]},{\"@type\":\"BreadcrumbList\",\"@id\":\"https:\/\/www.hotelpraktikgarden.com\/ca\/politica-de-cookies\/#breadcrumb\",\"itemListElement\":[{\"@type\":\"ListItem\",\"position\":1,\"name\":\"Portada\",\"item\":\"https:\/\/www.hotelpraktikgarden.com\/ca\/\"},{\"@type\":\"ListItem\",\"position\":2,\"name\":\"Pol\u00edtica de cookies\"}]},{\"@type\":\"WebSite\",\"@id\":\"\/#website\",\"url\":\"\/\",\"name\":\"Hotel Praktik Garden\",\"description\":\"Un oasis para desconectar\",\"publisher\":{\"@id\":\"\/#organization\"},\"potentialAction\":[{\"@type\":\"SearchAction\",\"target\":{\"@type\":\"EntryPoint\",\"urlTemplate\":\"\/?s={search_term_string}\"},\"query-input\":\"required name=search_term_string\"}],\"inLanguage\":\"ca\"},{\"@type\":\"Organization\",\"@id\":\"\/#organization\",\"name\":\"Hotel Praktik Garden\",\"url\":\"\/\",\"logo\":{\"@type\":\"ImageObject\",\"inLanguage\":\"ca\",\"@id\":\"\/#\/schema\/logo\/image\/\",\"url\":\"https:\/\/www.hotelpraktikgarden.com\/wp-content\/uploads\/sites\/21\/2022\/11\/praktik-vinoteca-habitacion01.jpg\",\"contentUrl\":\"https:\/\/www.hotelpraktikgarden.com\/wp-content\/uploads\/sites\/21\/2022\/11\/praktik-vinoteca-habitacion01.jpg\",\"width\":960,\"height\":635,\"caption\":\"Hotel Praktik Garden\"},\"image\":{\"@id\":\"\/#\/schema\/logo\/image\/\"},\"sameAs\":[\"https:\/\/www.facebook.com\/praktikhotels\/\",\"https:\/\/x.com\/praktikhotels\",\"https:\/\/www.instagram.com\/praktikhotels\/\"]},{\"@type\":\"Person\",\"@id\":\"\/#\/schema\/person\/4015c3b656759440a8291536b481326d\",\"name\":\"praktkmaster\",\"image\":{\"@type\":\"ImageObject\",\"inLanguage\":\"ca\",\"@id\":\"\/#\/schema\/person\/image\/\",\"url\":\"https:\/\/secure.gravatar.com\/avatar\/29d735a18eaffe4d58415575700d4e8f?s=96&d=mm&r=g\",\"contentUrl\":\"https:\/\/secure.gravatar.com\/avatar\/29d735a18eaffe4d58415575700d4e8f?s=96&d=mm&r=g\",\"caption\":\"praktkmaster\"},\"sameAs\":[\"http:\/\/praktikdev.rkinnova.com\"]}]}<\/script>\n<!-- \/ Yoast SEO plugin. -->","yoast_head_json":{"title":"Hotel Praktik Garden - La nostra pol\u00edtica de cookies","description":"Sense el vostre consentiment PRAKTIK HOTELS no enlla\u00e7ar\u00e0 a les cookies les vostres dades personals proporcionades en el moment del registre o la compra.","robots":{"index":"index","follow":"follow","max-snippet":"max-snippet:-1","max-image-preview":"max-image-preview:large","max-video-preview":"max-video-preview:-1"},"canonical":"https:\/\/www.hotelpraktikgarden.com\/ca\/politica-de-cookies\/","og_locale":"ca_ES","og_type":"article","og_title":"Hotel Praktik Garden - La nostra pol\u00edtica de cookies","og_description":"Sense el vostre consentiment PRAKTIK HOTELS no enlla\u00e7ar\u00e0 a les cookies les vostres dades personals proporcionades en el moment del registre o la compra.","og_url":"https:\/\/www.hotelpraktikgarden.com\/ca\/politica-de-cookies\/","og_site_name":"Hotel Praktik Garden","article_publisher":"https:\/\/www.facebook.com\/praktikhotels\/","article_modified_time":"2024-01-29T13:19:41+00:00","twitter_card":"summary_large_image","twitter_title":"Hotel Praktik Garden - La nostra pol\u00edtica de cookies","twitter_description":"Sense el vostre consentiment PRAKTIK HOTELS no enlla\u00e7ar\u00e0 a les cookies les vostres dades personals proporcionades en el moment del registre o la compra.","twitter_site":"@praktikhotels","twitter_misc":{"Temps estimat de lectura":"4 minuts"},"schema":{"@context":"https:\/\/schema.org","@graph":[{"@type":"Article","@id":"https:\/\/www.hotelpraktikgarden.com\/ca\/politica-de-cookies\/#article","isPartOf":{"@id":"https:\/\/www.hotelpraktikgarden.com\/ca\/politica-de-cookies\/"},"author":{"name":"praktkmaster","@id":"\/#\/schema\/person\/4015c3b656759440a8291536b481326d"},"headline":"Pol\u00edtica de cookies","datePublished":"2022-12-07T11:27:22+00:00","dateModified":"2024-01-29T13:19:41+00:00","mainEntityOfPage":{"@id":"https:\/\/www.hotelpraktikgarden.com\/ca\/politica-de-cookies\/"},"wordCount":786,"publisher":{"@id":"\/#organization"},"inLanguage":"ca"},{"@type":"WebPage","@id":"https:\/\/www.hotelpraktikgarden.com\/ca\/politica-de-cookies\/","url":"https:\/\/www.hotelpraktikgarden.com\/ca\/politica-de-cookies\/","name":"Hotel Praktik Garden - La nostra pol\u00edtica de cookies","isPartOf":{"@id":"\/#website"},"datePublished":"2022-12-07T11:27:22+00:00","dateModified":"2024-01-29T13:19:41+00:00","description":"Sense el vostre consentiment PRAKTIK HOTELS no enlla\u00e7ar\u00e0 a les cookies les vostres dades personals proporcionades en el moment del registre o la compra.","breadcrumb":{"@id":"https:\/\/www.hotelpraktikgarden.com\/ca\/politica-de-cookies\/#breadcrumb"},"inLanguage":"ca","potentialAction":[{"@type":"ReadAction","target":["https:\/\/www.hotelpraktikgarden.com\/ca\/politica-de-cookies\/"]}]},{"@type":"BreadcrumbList","@id":"https:\/\/www.hotelpraktikgarden.com\/ca\/politica-de-cookies\/#breadcrumb","itemListElement":[{"@type":"ListItem","position":1,"name":"Portada","item":"https:\/\/www.hotelpraktikgarden.com\/ca\/"},{"@type":"ListItem","position":2,"name":"Pol\u00edtica de cookies"}]},{"@type":"WebSite","@id":"\/#website","url":"\/","name":"Hotel Praktik Garden","description":"Un oasis para desconectar","publisher":{"@id":"\/#organization"},"potentialAction":[{"@type":"SearchAction","target":{"@type":"EntryPoint","urlTemplate":"\/?s={search_term_string}"},"query-input":"required name=search_term_string"}],"inLanguage":"ca"},{"@type":"Organization","@id":"\/#organization","name":"Hotel Praktik Garden","url":"\/","logo":{"@type":"ImageObject","inLanguage":"ca","@id":"\/#\/schema\/logo\/image\/","url":"https:\/\/www.hotelpraktikgarden.com\/wp-content\/uploads\/sites\/21\/2022\/11\/praktik-vinoteca-habitacion01.jpg","contentUrl":"https:\/\/www.hotelpraktikgarden.com\/wp-content\/uploads\/sites\/21\/2022\/11\/praktik-vinoteca-habitacion01.jpg","width":960,"height":635,"caption":"Hotel Praktik Garden"},"image":{"@id":"\/#\/schema\/logo\/image\/"},"sameAs":["https:\/\/www.facebook.com\/praktikhotels\/","https:\/\/x.com\/praktikhotels","https:\/\/www.instagram.com\/praktikhotels\/"]},{"@type":"Person","@id":"\/#\/schema\/person\/4015c3b656759440a8291536b481326d","name":"praktkmaster","image":{"@type":"ImageObject","inLanguage":"ca","@id":"\/#\/schema\/person\/image\/","url":"https:\/\/secure.gravatar.com\/avatar\/29d735a18eaffe4d58415575700d4e8f?s=96&d=mm&r=g","contentUrl":"https:\/\/secure.gravatar.com\/avatar\/29d735a18eaffe4d58415575700d4e8f?s=96&d=mm&r=g","caption":"praktkmaster"},"sameAs":["http:\/\/praktikdev.rkinnova.com"]}]}},"_links":{"self":[{"href":"https:\/\/www.hotelpraktikgarden.com\/ca\/wp-json\/wp\/v2\/pages\/10793"}],"collection":[{"href":"https:\/\/www.hotelpraktikgarden.com\/ca\/wp-json\/wp\/v2\/pages"}],"about":[{"href":"https:\/\/www.hotelpraktikgarden.com\/ca\/wp-json\/wp\/v2\/types\/page"}],"author":[{"embeddable":true,"href":"https:\/\/www.hotelpraktikgarden.com\/ca\/wp-json\/wp\/v2\/users\/1"}],"replies":[{"embeddable":true,"href":"https:\/\/www.hotelpraktikgarden.com\/ca\/wp-json\/wp\/v2\/comments?post=10793"}],"version-history":[{"count":1,"href":"https:\/\/www.hotelpraktikgarden.com\/ca\/wp-json\/wp\/v2\/pages\/10793\/revisions"}],"predecessor-version":[{"id":12015,"href":"https:\/\/www.hotelpraktikgarden.com\/ca\/wp-json\/wp\/v2\/pages\/10793\/revisions\/12015"}],"wp:attachment":[{"href":"https:\/\/www.hotelpraktikgarden.com\/ca\/wp-json\/wp\/v2\/media?parent=10793"}],"curies":[{"name":"wp","href":"https:\/\/api.w.org\/{rel}","templated":true}]}}